{"id":3260,"date":"2021-01-04T15:22:04","date_gmt":"2021-01-04T15:22:04","guid":{"rendered":"https:\/\/orientesrl.com\/?page_id=3260"},"modified":"2021-01-04T15:37:48","modified_gmt":"2021-01-04T15:37:48","slug":"cookie-policy","status":"publish","type":"page","link":"https:\/\/orientesrl.com\/index.php\/cookie-policy\/","title":{"rendered":"Cookie policy"},"content":{"rendered":"<div class=\"fusion-fullwidth fullwidth-box fusion-builder-row-1 fusion-flex-container nonhundred-percent-fullwidth non-hundred-percent-height-scrolling\" style=\"--awb-border-radius-top-left:0px;--awb-border-radius-top-right:0px;--awb-border-radius-bottom-right:0px;--awb-border-radius-bottom-left:0px;--awb-flex-wrap:wrap;\" ><div class=\"fusion-builder-row fusion-row fusion-flex-align-items-flex-start fusion-flex-content-wrap\" style=\"max-width:calc( 1270px + 0px );margin-left: calc(-0px \/ 2 );margin-right: calc(-0px \/ 2 );\"><div class=\"fusion-layout-column fusion_builder_column fusion-builder-column-0 fusion_builder_column_1_1 1_1 fusion-flex-column\" style=\"--awb-bg-size:cover;--awb-width-large:100%;--awb-margin-top-large:0px;--awb-spacing-right-large:0px;--awb-margin-bottom-large:0px;--awb-spacing-left-large:0px;--awb-width-medium:100%;--awb-spacing-right-medium:0px;--awb-spacing-left-medium:0px;--awb-width-small:100%;--awb-spacing-right-small:0px;--awb-spacing-left-small:0px;\"><div class=\"fusion-column-wrapper fusion-flex-justify-content-flex-start fusion-content-layout-column\"><div class=\"fusion-text fusion-text-1\"><p><span style=\"color: rgb(255, 255, 255); background-color: rgba(255, 255, 255, 0); font-family: var(--body_typography-font-family); font-size: var(--body_typography-font-size); font-style: var(--body_typography-font-style,normal); letter-spacing: var(--body_typography-letter-spacing);\">Per mezzo della presente cookie policy Oriente s.r.l., in qualit\u00e0 di titolare del trattamento (la \u201c<\/span><b style=\"color: rgb(255, 255, 255); background-color: rgba(255, 255, 255, 0); font-family: var(--body_typography-font-family); font-size: var(--body_typography-font-size); font-style: var(--body_typography-font-style,normal); letter-spacing: var(--body_typography-letter-spacing);\">Titolare<\/b><span style=\"color: rgb(255, 255, 255); background-color: rgba(255, 255, 255, 0); font-family: var(--body_typography-font-family); font-size: var(--body_typography-font-size); font-style: var(--body_typography-font-style,normal); letter-spacing: var(--body_typography-letter-spacing);\">\u201d), intende fornire agli utenti del proprio sito web \u201chttps:\/\/orientesrl.com\/ \u201d (il \u201c<\/span><b style=\"color: rgb(255, 255, 255); background-color: rgba(255, 255, 255, 0); font-family: var(--body_typography-font-family); font-size: var(--body_typography-font-size); font-style: var(--body_typography-font-style,normal); letter-spacing: var(--body_typography-letter-spacing);\">Sito<\/b><span style=\"color: rgb(255, 255, 255); background-color: rgba(255, 255, 255, 0); font-family: var(--body_typography-font-family); font-size: var(--body_typography-font-size); font-style: var(--body_typography-font-style,normal); letter-spacing: var(--body_typography-letter-spacing);\">\u201d) ogni pi\u00f9 utile informazione riguardo all\u2019utilizzo di cookie.<\/span><\/p>\n<p><span style=\"color: #ffffff;\"><span style=\"font-weight: 400;\">A questo proposito, il presente documento costituisce parte integrante dell\u2019informativa sul trattamento dei dati personali, consultabile al seguente <\/span><a style=\"color: #ffffff;\" href=\"https:\/\/orientesrl.com\/index.php\/privacy-policy\/\"><b>link<\/b><\/a><span style=\"font-weight: 400;\">.<\/span><\/span><\/p>\n<p><span style=\"font-weight: 400; color: #ffffff;\">Per qualsiasi ulteriore informazione o questione circa i trattamenti svolti \u00e8 possibile contattare la Titolare all\u2019indirizzo email: info@orientesrl.com.<\/span><\/p>\n<p><span style=\"color: #ffffff;\"><b>Cosa sono i cookie<\/b><\/span><\/p>\n<p><span style=\"font-weight: 400; color: #ffffff;\">I cookie sono informazioni che siti e app inviano o leggono sui tuoi dispositivi alla prima visita, per essere poi ritrasmesse agli stessi siti e app a quella successiva. Grazie a queste tecnologie i siti e le app ricordano azioni e preferenze (es. dati di login, lingua prescelta, dimensioni dei caratteri, altre impostazioni di visualizzazione, ecc.) in modo che non debbano essere indicate nuovamente alla successiva visita.<\/span><\/p>\n<p><span style=\"font-weight: 400; color: #ffffff;\">Vi sono diversi tipologie di cookie che, a seconda delle loro caratteristiche e funzioni, potrebbero persistere sul tuo dispositivo per diversi periodi di tempo: i cosiddetti cookie di sessione sono automaticamente cancellati quando chiudi il browser; mentre i cosiddetti cookie persistenti, che rimangono sul tuo dispositivo per un tempo prestabilito.<\/span><\/p>\n<p><span style=\"font-weight: 400; color: #ffffff;\">Il consenso per l\u2019uso dei cookie non \u00e8 sempre richiesto: esso non serve per i \u201ccookie tecnici\u201d, necessari per una migliore navigazione dell\u2019utente, mentre \u00e8 richiesto per i cookie \u201canalitici\u201d non anonimizzati e per cookie di profilazione, che consentono di monitorarne la navigazione allo scopo profilarne preferenze e abitudini.<\/span><\/p>\n<p><span style=\"color: #ffffff;\"><span style=\"font-weight: 400;\">Chi naviga in Internet pu\u00f2 ricevere due differenti tipologie di cookie: quelli dello stesso sito visitato dall\u2019utente (c.d. \u201c<\/span><i><span style=\"font-weight: 400;\">Cookie di prima parte<\/span><\/i><span style=\"font-weight: 400;\">\u201d), o quelli di siti diversi (c.d. \u201c<\/span><i><span style=\"font-weight: 400;\">Cookie di terza parte<\/span><\/i><span style=\"font-weight: 400;\">\u201d).<\/span><\/span><\/p>\n<\/p>\n<p><span style=\"color: #ffffff;\"><b>Quali cookie utilizziamo e a quale scopo<\/b><\/span><\/p>\n<p><span style=\"font-weight: 400; color: #ffffff;\">Il Sito si avvale solo ed esclusivamente delle seguenti tipologie di cookie, per la cui installazione non \u00e8 richiesto alcun consenso da parte dell\u2019utente:<\/span><\/p>\n<ul>\n<li style=\"font-weight: 400;\" aria-level=\"1\"><span style=\"color: #ffffff;\"><span style=\"font-weight: 400;\">Cookie di navigazione o di sessione<\/span><span style=\"font-weight: 400;\">: fondamentali per permettere all\u2019utente di muoversi normalmente all\u2019interno del nostro Sito. Non essendo memorizzati sul computer dell\u2019utente, svaniscono con la chiusura del <\/span><i><span style=\"font-weight: 400;\">browser<\/span><\/i><span style=\"font-weight: 400;\">;<\/span><\/span><\/li>\n<li style=\"font-weight: 400;\" aria-level=\"1\"><span style=\"color: #ffffff;\"><span style=\"font-weight: 400;\">Cookie di funzionalit\u00e0<\/span><span style=\"font-weight: 400;\">: unicamente finalizzati a migliorare e velocizzare la navigazione sul Sito, attraverso la memorizzazione di determinate scelte effettuate dall\u2019utente nel corso del primo o dei successivi accessi al Sito.<\/span><\/span><\/li>\n<li style=\"font-weight: 400;\" aria-level=\"1\"><span style=\"color: #ffffff;\"><span style=\"font-weight: 400;\">Google Analytics<\/span><span style=\"font-weight: 400;\">: permettono di poter analizzare e migliorare il funzionamento del Sito. Per disattivare i cookie di Google Analytics, \u00e8 possibile scaricare e installare il componente aggiuntivo del browser per l\u2019opt-out fornito da Google Analytics. S<\/span><span style=\"font-weight: 400;\">i tratta di cookie di terze parti raccolti e gestiti in modo anonimo per monitorare e migliorare le prestazioni del sito ospite (performance cookie). Google Analytics utilizza i cookie per raccogliere e analizzare in forma anonima le informazioni sui comportamenti di utilizzo del sito (compreso l&#8217;indirizzo IP dell&#8217;utente). Tali informazioni vengono raccolte da Google Analytics, che le elabora allo scopo di redigere report per gli operatori del sito riguardanti le attivit\u00e0 sullo stesso. Questo sito non utilizza (e non consente a terzi di utilizzare) lo strumento di analisi di Google per monitorare o per raccogliere informazioni personali di identificazione. Google non associa l&#8217;indirizzo IP a nessun altro dato posseduto da Google n\u00e9 cerca di collegare un indirizzo IP con l&#8217;identit\u00e0 di un utente. Google pu\u00f2 anche comunicare queste informazioni a terzi ove ci\u00f2 sia imposto dalla legge o laddove tali terzi trattino le suddette informazioni per conto di Google. Per ulteriori informazioni, si rinvia al link di seguito indicato: <\/span><a style=\"color: #ffffff;\" href=\"https:\/\/www.google.it\/policies\/privacy\/partners\/\"><span style=\"font-weight: 400;\">https:\/\/www.google.it\/policies\/privacy\/partners\/<\/span><\/a><\/span><\/li>\n<\/ul>\n<p><span style=\"color: #ffffff;\"><b>Come disabilitare i cookie<\/b><\/span><\/p>\n<p><span style=\"color: #ffffff;\"><span style=\"font-weight: 400;\">Gli utenti possono impedire in qualsiasi momento l\u2019installazione di cookie tecnici attraverso le impostazioni del proprio <\/span><i><span style=\"font-weight: 400;\">browser<\/span><\/i><span style=\"font-weight: 400;\">, nella consapevolezza che una simile scelta potrebbe complicare, rallentare e talvolta bloccare la navigazione sul Sito.<\/span><\/span><\/p>\n<p><span style=\"color: #ffffff;\"><span style=\"font-weight: 400;\">L&#8217;utente pu\u00f2 disabilitare in modo selettivo l&#8217;azione di Google Analytics installando sul proprio <\/span><i><span style=\"font-weight: 400;\">browser <\/span><\/i><span style=\"font-weight: 400;\">la componente di <\/span><i><span style=\"font-weight: 400;\">opt-out <\/span><\/i><span style=\"font-weight: 400;\">fornito da Google. Per disabilitare l&#8217;azione di Google Analytics, si rinvia al link di seguito indicato: <\/span><a style=\"color: #ffffff;\" href=\"https:\/\/tools.google.com\/dlpage\/gaoptout\"><span style=\"font-weight: 400;\">https:\/\/tools.google.com\/dlpage\/gaoptout<\/span><\/a><\/span><\/p>\n<\/div><\/div><\/div><\/div><\/div>\n","protected":false},"excerpt":{"rendered":"","protected":false},"author":1,"featured_media":0,"parent":0,"menu_order":0,"comment_status":"closed","ping_status":"closed","template":"","meta":{"footnotes":""},"class_list":["post-3260","page","type-page","status-publish","hentry"],"yoast_head":"<!-- This site is optimized with the Yoast SEO plugin v23.0 - https:\/\/yoast.com\/wordpress\/plugins\/seo\/ -->\n<title>Cookie policy - Oriente Leather Sofas<\/title>\n<meta name=\"robots\" content=\"index, follow, max-snippet:-1, max-image-preview:large, max-video-preview:-1\" \/>\n<link rel=\"canonical\" href=\"https:\/\/orientesrl.com\/index.php\/cookie-policy\/\" \/>\n<meta property=\"og:locale\" content=\"it_IT\" \/>\n<meta property=\"og:type\" content=\"article\" \/>\n<meta property=\"og:title\" content=\"Cookie policy - Oriente Leather Sofas\" \/>\n<meta property=\"og:url\" content=\"https:\/\/orientesrl.com\/index.php\/cookie-policy\/\" \/>\n<meta property=\"og:site_name\" content=\"Oriente Leather Sofas\" \/>\n<meta property=\"article:modified_time\" content=\"2021-01-04T15:37:48+00:00\" \/>\n<meta name=\"twitter:card\" content=\"summary_large_image\" \/>\n<meta name=\"twitter:label1\" content=\"Tempo di lettura stimato\" \/>\n\t<meta name=\"twitter:data1\" content=\"4 minuti\" \/>\n<script type=\"application\/ld+json\" class=\"yoast-schema-graph\">{\"@context\":\"https:\/\/schema.org\",\"@graph\":[{\"@type\":\"WebPage\",\"@id\":\"https:\/\/orientesrl.com\/index.php\/cookie-policy\/\",\"url\":\"https:\/\/orientesrl.com\/index.php\/cookie-policy\/\",\"name\":\"Cookie policy - Oriente Leather Sofas\",\"isPartOf\":{\"@id\":\"https:\/\/orientesrl.com\/#website\"},\"datePublished\":\"2021-01-04T15:22:04+00:00\",\"dateModified\":\"2021-01-04T15:37:48+00:00\",\"breadcrumb\":{\"@id\":\"https:\/\/orientesrl.com\/index.php\/cookie-policy\/#breadcrumb\"},\"inLanguage\":\"it-IT\",\"potentialAction\":[{\"@type\":\"ReadAction\",\"target\":[\"https:\/\/orientesrl.com\/index.php\/cookie-policy\/\"]}]},{\"@type\":\"BreadcrumbList\",\"@id\":\"https:\/\/orientesrl.com\/index.php\/cookie-policy\/#breadcrumb\",\"itemListElement\":[{\"@type\":\"ListItem\",\"position\":1,\"name\":\"Home\",\"item\":\"https:\/\/orientesrl.com\/\"},{\"@type\":\"ListItem\",\"position\":2,\"name\":\"Cookie policy\"}]},{\"@type\":\"WebSite\",\"@id\":\"https:\/\/orientesrl.com\/#website\",\"url\":\"https:\/\/orientesrl.com\/\",\"name\":\"Oriente Leather Sofas\",\"description\":\"Qualit\u00e0 artigiana veneta\",\"potentialAction\":[{\"@type\":\"SearchAction\",\"target\":{\"@type\":\"EntryPoint\",\"urlTemplate\":\"https:\/\/orientesrl.com\/?s={search_term_string}\"},\"query-input\":\"required name=search_term_string\"}],\"inLanguage\":\"it-IT\"}]}<\/script>\n<!-- \/ Yoast SEO plugin. -->","yoast_head_json":{"title":"Cookie policy - Oriente Leather Sofas","robots":{"index":"index","follow":"follow","max-snippet":"max-snippet:-1","max-image-preview":"max-image-preview:large","max-video-preview":"max-video-preview:-1"},"canonical":"https:\/\/orientesrl.com\/index.php\/cookie-policy\/","og_locale":"it_IT","og_type":"article","og_title":"Cookie policy - Oriente Leather Sofas","og_url":"https:\/\/orientesrl.com\/index.php\/cookie-policy\/","og_site_name":"Oriente Leather Sofas","article_modified_time":"2021-01-04T15:37:48+00:00","twitter_card":"summary_large_image","twitter_misc":{"Tempo di lettura stimato":"4 minuti"},"schema":{"@context":"https:\/\/schema.org","@graph":[{"@type":"WebPage","@id":"https:\/\/orientesrl.com\/index.php\/cookie-policy\/","url":"https:\/\/orientesrl.com\/index.php\/cookie-policy\/","name":"Cookie policy - Oriente Leather Sofas","isPartOf":{"@id":"https:\/\/orientesrl.com\/#website"},"datePublished":"2021-01-04T15:22:04+00:00","dateModified":"2021-01-04T15:37:48+00:00","breadcrumb":{"@id":"https:\/\/orientesrl.com\/index.php\/cookie-policy\/#breadcrumb"},"inLanguage":"it-IT","potentialAction":[{"@type":"ReadAction","target":["https:\/\/orientesrl.com\/index.php\/cookie-policy\/"]}]},{"@type":"BreadcrumbList","@id":"https:\/\/orientesrl.com\/index.php\/cookie-policy\/#breadcrumb","itemListElement":[{"@type":"ListItem","position":1,"name":"Home","item":"https:\/\/orientesrl.com\/"},{"@type":"ListItem","position":2,"name":"Cookie policy"}]},{"@type":"WebSite","@id":"https:\/\/orientesrl.com\/#website","url":"https:\/\/orientesrl.com\/","name":"Oriente Leather Sofas","description":"Qualit\u00e0 artigiana veneta","potentialAction":[{"@type":"SearchAction","target":{"@type":"EntryPoint","urlTemplate":"https:\/\/orientesrl.com\/?s={search_term_string}"},"query-input":"required name=search_term_string"}],"inLanguage":"it-IT"}]}},"_links":{"self":[{"href":"https:\/\/orientesrl.com\/index.php\/wp-json\/wp\/v2\/pages\/3260"}],"collection":[{"href":"https:\/\/orientesrl.com\/index.php\/wp-json\/wp\/v2\/pages"}],"about":[{"href":"https:\/\/orientesrl.com\/index.php\/wp-json\/wp\/v2\/types\/page"}],"author":[{"embeddable":true,"href":"https:\/\/orientesrl.com\/index.php\/wp-json\/wp\/v2\/users\/1"}],"replies":[{"embeddable":true,"href":"https:\/\/orientesrl.com\/index.php\/wp-json\/wp\/v2\/comments?post=3260"}],"version-history":[{"count":4,"href":"https:\/\/orientesrl.com\/index.php\/wp-json\/wp\/v2\/pages\/3260\/revisions"}],"predecessor-version":[{"id":3269,"href":"https:\/\/orientesrl.com\/index.php\/wp-json\/wp\/v2\/pages\/3260\/revisions\/3269"}],"wp:attachment":[{"href":"https:\/\/orientesrl.com\/index.php\/wp-json\/wp\/v2\/media?parent=3260"}],"curies":[{"name":"wp","href":"https:\/\/api.w.org\/{rel}","templated":true}]}}