{"id":3,"date":"2020-11-30T07:38:47","date_gmt":"2020-11-30T07:38:47","guid":{"rendered":"https:\/\/orientesrl.com\/wordpress\/?page_id=3"},"modified":"2021-08-13T08:19:02","modified_gmt":"2021-08-13T08:19:02","slug":"privacy-policy","status":"publish","type":"page","link":"https:\/\/orientesrl.com\/index.php\/privacy-policy\/","title":{"rendered":"Privacy Policy"},"content":{"rendered":"<div class=\"fusion-fullwidth fullwidth-box fusion-builder-row-1 fusion-flex-container nonhundred-percent-fullwidth non-hundred-percent-height-scrolling\" style=\"--awb-border-radius-top-left:0px;--awb-border-radius-top-right:0px;--awb-border-radius-bottom-right:0px;--awb-border-radius-bottom-left:0px;--awb-flex-wrap:wrap;\" ><div class=\"fusion-builder-row fusion-row fusion-flex-align-items-flex-start fusion-flex-content-wrap\" style=\"max-width:1320.8px;margin-left: calc(-4% \/ 2 );margin-right: calc(-4% \/ 2 );\"><div class=\"fusion-layout-column fusion_builder_column fusion-builder-column-0 fusion_builder_column_1_1 1_1 fusion-flex-column\" style=\"--awb-bg-size:cover;--awb-width-large:100%;--awb-margin-top-large:0px;--awb-spacing-right-large:1.92%;--awb-margin-bottom-large:0px;--awb-spacing-left-large:1.92%;--awb-width-medium:100%;--awb-spacing-right-medium:1.92%;--awb-spacing-left-medium:1.92%;--awb-width-small:100%;--awb-spacing-right-small:1.92%;--awb-spacing-left-small:1.92%;\"><div class=\"fusion-column-wrapper fusion-flex-justify-content-flex-start fusion-content-layout-column\"><div class=\"fusion-text fusion-text-1\"><p><span style=\"color: #ff6600;\"><\/span><\/p>\n<p><span style=\"color: rgb(204, 158, 110);\">Oriente s.r.l., corrente in via Torre Belfredo 13 &#8211; 30174 VENEZIA [P.IVA 04146490273], \u00e8 la titolare del trattamento dei dati personali ai sensi del d.lgs. 196\/03 e succ. modifiche e del Regolamento UE 679\/2016 e riconosce l\u2019importanza della protezione dei dati personali, considerando la loro tutela uno degli obiettivi principali della propria attivit\u00e0.<\/span><br><span style=\"color: rgb(204, 158, 110);\">Prima di comunicare qualsiasi dato personale, la Titolare ti invita a leggere con attenzione la presente informativa (privacy policy), poich\u00e9 contiene informazioni importanti sulla tutela dei dati personali e sulle misure di sicurezza adottate per garantirne la riservatezza nel pieno rispetto della normativa vigente. La presente Privacy Policy, inoltre:<\/span><\/p>\n<ul>\n<li style=\"list-style-type: none;\">\n<ul>\n<li><span style=\"color: rgb(204, 158, 110);\">si intende resa solo per il sito https:\/\/orientesrl.com\/, mentre non si applica ad altri siti web eventualmente consultati tramite link esterni;<\/span><\/li>\n<li><span style=\"color: rgb(204, 158, 110);\">\u00e8 da intendersi quale informativa resa ai sensi dell\u2019art. 13 della normativa applicabile a coloro che interagiscono con il Sito;<\/span><\/li>\n<li><span style=\"color: rgb(204, 158, 110);\">si conforma alla Raccomandazione n. 2\/2001 relativa ai requisiti minimi per la raccolta di dati on-line nell\u2019Unione Europea, adottata il 17 maggio 2001 dal Gruppo di Lavoro Articolo 29.<\/span><\/li>\n<\/ul>\n<\/li>\n<\/ul>\n<p style=\"text-align: center;\"><span style=\"color: rgb(204, 158, 110);\">***<\/span><\/p>\n<p><span style=\"color: rgb(204, 158, 110);\">Oriente s.r.l. ti informa che il trattamento dei tuoi dati personali \u00e8 e sar\u00e0 conforme ai principi normativi di liceit\u00e0, correttezza, trasparenza, limitazione delle finalit\u00e0 e della conservazione, minimizzazione dei dati, esattezza, integrit\u00e0 e riservatezza.<\/span><\/p>\n<p><span style=\"color: #333333;\"><strong style=\"color: rgb(204, 158, 110);\">TITOLARE<\/strong><\/span><br><span style=\"color: rgb(204, 158, 110);\">La titolare del trattamento del Sito \u00e8 Oriente s.r.l. come sopra identificata.<\/span><\/p>\n<p><span style=\"color: #333333;\"><strong style=\"color: rgb(204, 158, 110);\">1. DATI PERSONALI OGGETTO DI TRATTAMENT<\/strong><span style=\"color: rgb(204, 158, 110);\">O<\/span><\/span><br><span style=\"color: rgb(204, 158, 110);\">I Dati Personali raccolti dal Sito sono i seguenti:<\/span><\/p>\n<ul>\n<li><span style=\"color: rgb(204, 158, 110);\">Dati di navigazione<\/span><\/li>\n<\/ul>\n<p><span style=\"color: rgb(204, 158, 110);\">I sistemi informatici del Sito raccolgono alcuni Dati Personali la cui trasmissione \u00e8 implicita nell\u2019uso dei protocolli di comunicazione di Internet. Si tratta di informazioni che non sono raccolte per essere associate a te, ma che per loro stessa natura potrebbero, attraverso elaborazioni ed associazioni con dati detenuti da terzi, permettere di identificarti. Tra questi ci sono gli indirizzi IP dei dispositivi utilizzati per connetterti al Sito, gli indirizzi in notazione URI delle risorse richieste, l\u2019orario della richiesta, il metodo utilizzato nel sottoporre la richiesta al server, la dimensione del file ottenuto in risposta, il codice numerico indicante lo stato della risposta data dal server ed altri parametri relativi al tuo sistema operativo e ambiente informatico.<\/span><br><span style=\"color: rgb(204, 158, 110);\">Questi dati vengono utilizzati al fine di ricavare informazioni statistiche anonime sull\u2019uso del Sito e per controllarne il corretto funzionamento; per permettere la corretta erogazione delle varie funzionalit\u00e0 richieste, per ragioni di sicurezza e di accertamento di responsabilit\u00e0 in caso di ipotetici reati informatici ai danni del Sito o di terzi e vengono cancellati dopo 6 mesi.<\/span><\/p>\n<ul>\n<li><span style=\"color: rgb(204, 158, 110);\">Dati forniti volontariamente<\/span><\/li>\n<\/ul>\n<p><span style=\"color: rgb(204, 158, 110);\">Attraverso il Sito hai la possibilit\u00e0 di fornire volontariamente dati personali come il nome, cognome e l\u2019indirizzo e-mail, indirizzo postale, indirizzo IP; cronologia visite e navigazione nel sito, necessari per poter usufruire dei servizi resi dalla Titolare.<\/span><br><span style=\"color: rgb(204, 158, 110);\">Oriente s.r.l. tratter\u00e0 questi dati nel rispetto della normativa vigente, dando per scontato che siano riferiti a te o a terzi soggetti che ti hanno espressamente autorizzato a conferirli in base ad un\u2019idonea base giuridica che legittima il trattamento dei dati in questione. In quest\u2019ultimo caso, ti poni come autonomo titolare del trattamento, assumendoti tutti gli obblighi e le responsabilit\u00e0 di legge, conferendo dunque la pi\u00f9 ampia manleva rispetto ad ogni contestazione, pretesa, richiesta di risarcimento del danno da trattamento, etc. etc. che dovesse pervenire a Oriente s.r.l. da terzi soggetti i cui dati personali siano stati trattati attraverso il tuo utilizzo del Sito in violazione della normativa vigente.<\/span><br><span style=\"color: rgb(204, 158, 110);\">Alcuni dati personali sopra indicati sono necessari per poter usufruire dei servizi offerti dalla Titolare (ad esempio senza indicare indirizzo e-mail, generalit\u00e0, etc l\u2019utente non potr\u00e0 essere ricontattato o procedere con gli acquisti on-line), altri dati viceversa non sono indispensabili.<\/span><br><span style=\"color: rgb(204, 158, 110);\">I dati personali saranno utilizzati per i soli fini richiesti e potranno essere comunicati ai collaboratori cui si appoggia la Titolare. In ogni caso non verranno comunicati a terzi.<\/span><br><span style=\"color: rgb(204, 158, 110);\">I dati relativi ai pagamenti online effettuati dall\u2019interessato non verranno in alcun modo memorizzati, salvati e conservati, essendo essi gestiti dagli enti esterni.<\/span><\/p>\n<ul>\n<li><span style=\"color: rgb(204, 158, 110);\">Cookie e tecnologie affini<\/span><\/li>\n<\/ul>\n<p><span style=\"color: #333333;\"><span style=\"color: rgb(204, 158, 110);\">Oriente s.r.l. raccoglie Dati Personali attraverso cookie. Maggiori informazioni sull\u2019uso degli stessi sono disponibili <\/span><a style=\"color: rgb(204, 158, 110);\" href=\"https:\/\/orientesrl.com\/index.php\/cookie-policy\/\">qui<\/a><span style=\"color: rgb(204, 158, 110);\"> .<\/span><\/span><\/p>\n<p style=\"color: rgb(204, 158, 110);\">\n<p><span style=\"color: #333333;\"><strong style=\"color: rgb(204, 158, 110);\">2. FINALITA\u2019, BASE GIURIDICA E NATURA OBBLIGATORIA O FACOLTATIVA DEL TRATTAMENTO<\/strong><\/span><\/p>\n<p><span style=\"color: rgb(204, 158, 110);\">I Dati Personali che fornisci attraverso il Sito saranno trattati da Oriente s.r.l. per le seguenti finalit\u00e0:<\/span><br><span style=\"color: #333333;\"><strong style=\"color: rgb(204, 158, 110);\">a.<\/strong><span style=\"color: rgb(204, 158, 110);\"> finalit\u00e0 inerenti l\u2019esecuzione del servizio offerto dalla Titolare o all\u2019esecuzione di misure precontrattuali adottate su tua richiesta (es: richiesta di contatto per informazioni, acquisto on-line, ecc.);<\/span><\/span><br><span style=\"color: #333333;\"><strong style=\"color: rgb(204, 158, 110);\">b.<\/strong><span style=\"color: rgb(204, 158, 110);\"> finalit\u00e0 di ricerche\/analisi statistiche su dati aggregati o anonimi, senza dunque possibilit\u00e0 di identificare l\u2019utente, volti a misurare il funzionamento del Sito, misurare il traffico e valutare utilizzabilit\u00e0 e interesse;<\/span><\/span><br><span style=\"color: #333333;\"><strong style=\"color: rgb(204, 158, 110);\">c.<\/strong><span style=\"color: rgb(204, 158, 110);\"> finalit\u00e0 relative all\u2019adempimento di un obbligo legale e\/o contabile al quale Oriente s.r.l. e\u0300 soggetta;<\/span><\/span><br><span style=\"color: #333333;\"><strong style=\"color: rgb(204, 158, 110);\">d.<\/strong><span style=\"color: rgb(204, 158, 110);\"> finalit\u00e0 necessarie ad accertare, esercitare o difendere un diritto in sede giudiziaria o ogniqualvolta le autorit\u00e0 giurisdizionali esercitino le loro funzioni giurisdizionali;<\/span><\/span><br><span style=\"color: #333333;\"><strong style=\"color: rgb(204, 158, 110);\">e.<\/strong><span style=\"color: rgb(204, 158, 110);\"> finalit\u00e0 di divulgazione di eventi o servizi connessi a quanto offerto da Oriente s.r.l. [newsletter], in uno con finalit\u00e0 di suggerimenti e personalizzazione. La titolare, infatti, utilizzer\u00e0 alcuni tuoi dati personali per suggerire funzionalit\u00e0, servizi, eventi che potrebbero interessarti. Potrai personalizzare la ricezione della newsletter in base ai tuoi specifici interesse di settore che potrai essere tu stesso ad indicare.<\/span><\/span><br><span style=\"color: rgb(204, 158, 110);\">La base legale del trattamento di Dati Personali per le finalit\u00e0 di cui al punto a) \u00e8 l\u2019esecuzione di un contratto di cui l\u2019interessato \u00e8 parte o esecuzione di misure precontrattuali. La finalit\u00e0 di cui al punto b) non comporta il trattamento di Dati Personali, mentre la finalit\u00e0 di cui ai punti c) e d) costituisce un trattamento legittimo ai sensi della normativa vigente, perch\u00e9 \u00e8 necessario per adempiere ad un obbligo di legge a cui la Titolare \u00e8 soggetta o ad esercitare il suo diritto di difesa in giudizio. La base giuridica per il punto e) \u00e8 il consenso esplicito dell\u2019interessato.<\/span><br><span style=\"color: rgb(204, 158, 110);\">Il conferimento dei tuoi Dati Personali per la finalit\u00e0 sopra elencate \u00e8 facoltativo, ma il loro eventuale mancato conferimento potrebbe rendere impossibile riscontrare una tua richiesta, farti accedere al servizio, o adempiere ad un obbligo legale a cui Oriente s.r.l. potrebbe essere soggetta.<\/span><\/p>\n<p style=\"color: rgb(204, 158, 110);\">\n<p><span style=\"color: #333333;\"><strong style=\"color: rgb(204, 158, 110);\">3. MODALITA\u2019E MISURE DI SICUREZZA<\/strong><\/span><\/p>\n<p><span style=\"color: rgb(204, 158, 110);\">La Titolare adotta tutte le opportune misure di sicurezza volte ad impedire l\u2019accesso, la divulgazione, la modifica o la distruzione non autorizzate dei Dati Personali.<\/span><br><span style=\"color: rgb(204, 158, 110);\">Il trattamento dei dati personali avviene sotto la diretta autorit\u00e0 della Titolare da parte di soggetti specificamente autorizzati, incaricati ed istruiti ai sensi dell\u2019art. 29 Regolamento UE 679\/2016, mediante strumenti informatici e\/o telematici, con logiche strettamente correlate alle finalit\u00e0 e comunque in modo da garantire la riservatezza e la sicurezza dei dati personali. In ogni caso la protezione \u00e8 assicurata anche quando vengono attivati canali innovativi. I dati in questione saranno archiviati e conservati in forma elettronica ed informatica. Tutti i dati sono protetti attraverso l\u2019uso di antivirus e firewall ed il loro accesso \u00e8 consentito solo attraverso l\u2019uso di credenziali di autenticazione. Il trattamento dei dati personali potr\u00e0 altres\u00ec avvenire ad opera di responsabili del trattamento appositamente designati ai sensi dell\u2019art. 28 Regolamento UE 679\/2016.<\/span><\/p>\n<p style=\"color: rgb(204, 158, 110);\">\n<p><span style=\"color: #333333;\"><strong style=\"color: rgb(204, 158, 110);\">4. DESTINATARI<\/strong><\/span><\/p>\n<p><span style=\"color: rgb(204, 158, 110);\">I tuoi Dati Personali potranno essere condivisi, per le finalit\u00e0 specificate al punto 2, con:<\/span><br><span style=\"color: rgb(204, 158, 110);\">a) soggetti necessari per l\u2019erogazione dei servizi offerti dal Sito tra cui, a titolo esemplificativo, l\u2019invio di e-mail e l\u2019analisi del funzionamento del Sito che agiscono tipicamente in qualit\u00e0 di responsabili del trattamento di Oriente s.r.l.;<\/span><br><span style=\"color: rgb(204, 158, 110);\">b) persone autorizzate dalla Titolare al trattamento dei Dati Personali che si siano impegnate alla riservatezza o abbiano un adeguato obbligo legale di riservatezza; (es. dipendenti e collaboratori); c) autorit\u00e0 giurisdizionali nell\u2019esercizio delle loro funzioni quando richiesto dalla Normativa Applicabile.<\/span><br><span style=\"color: rgb(204, 158, 110);\">d) professionisti e\/o studi legali per la tutela dei propri interessi e\/o diritti;<\/span><br><span style=\"color: rgb(204, 158, 110);\">all\u2019amministrazione finanziaria o altre pubbliche autorit\u00e0, ove imposto dalla legge o su loro richiesta;<\/span><br><span style=\"color: rgb(204, 158, 110);\">e) professionisti che si occupano della gestione contabile e fiscale.<\/span><\/p>\n<p style=\"color: rgb(204, 158, 110);\">\n<p><span style=\"color: #333333;\"><strong style=\"color: rgb(204, 158, 110);\">5. TRASFERIMENTI<\/strong><\/span><\/p>\n<p><span style=\"color: rgb(204, 158, 110);\">I tuoi Dati Personali non sono trasferiti a Destinatari che si potrebbero trovare al di fuori dello Spazio Economico Europeo.<\/span><\/p>\n<p style=\"color: rgb(204, 158, 110);\">\n<p><span style=\"color: #333333;\"><strong style=\"color: rgb(204, 158, 110);\">6.  CONSERVAZIONE DEI DATI<\/strong><\/span><\/p>\n<p><span style=\"color: rgb(204, 158, 110);\">Oriente s.r.l. tratter\u00e0 i tuoi Dati Personali per il tempo necessario a raggiungere gli scopi indicati al punto 3. A titolo esemplificativo, i Dati Personali da te forniti verranno trattati e conservati per tutto il tempo in cui permarr\u00e0 il rapporto contrattuale sorto con Oriente s.r.l.. Fatto salvo quanto sopra, Oriente s.r.l. tratter\u00e0 i tuoi Dati Personali fino al tempo previsto e permesso dalla legge Italiana a tutela dei propri interessi e diritti. Maggiori informazioni in merito al periodo di conservazione dei Dati Personali e ai criteri utilizzati per determinare tale periodo possono essere richieste scrivendo direttamente alla Titolare come sopra identificata.<\/span><\/p>\n<p style=\"color: rgb(204, 158, 110);\">\n<p><span style=\"color: #333333;\"><strong style=\"color: rgb(204, 158, 110);\">7. I TUOI DIRITTI<\/strong><\/span><\/p>\n<p><span style=\"color: rgb(204, 158, 110);\">Nei limiti della normativa vigente, hai il diritto di chiedere a Oriente s.r.l., in qualunque momento, l\u2019accesso ai tuoi Dati Personali ottenendo evidenza delle finalit\u00e0 perseguite, delle categorie di dati coinvolti, dei destinatari e del periodo di conservazione, la rettifica o la cancellazione degli stessi, la limitazione del trattamento. Hai anche diritto di opporti al trattamento dei tuoi Dati Personali, nonch\u00e9 di ottenere in un formato strutturato, di uso comune e leggibile da dispositivo automatico i dati che ti riguardano.<\/span><br><span style=\"color: rgb(204, 158, 110);\">Qualora il trattamento abbia come base giuridica il tuo consenso, hai il diritto di revocarlo in qualsiasi momento senza pregiudicare la liceit\u00e0 del trattamento basata sul consenso prestato prima della revoca.<\/span><br><span style=\"color: rgb(204, 158, 110);\">Le richieste vanno rivolte via e-mail all\u2019indirizzo: info@orientesrl.com o via raccomandata A\/R. da spedire a: Oriente s.r.l., via Brose 12 &#8211; 35010 Arsego di S. Giorgio delle Pertiche (PD).<\/span><br><span style=\"color: rgb(204, 158, 110);\">Ai sensi della normativa applicabile, hai in ogni caso il diritto di proporre reclamo all\u2019autorit\u00e0 di controllo competente, oltre che esercitare i tuoi diritti in sede amministrativa e giudiziaria.<\/span><\/p>\n<p><span style=\"color: #ff6600;\"><\/span><\/p>\n<\/div><\/div><\/div><\/div><\/div>","protected":false},"excerpt":{"rendered":"","protected":false},"author":1,"featured_media":0,"parent":0,"menu_order":0,"comment_status":"closed","ping_status":"closed","template":"","meta":{"footnotes":""},"class_list":["post-3","page","type-page","status-publish","hentry"],"yoast_head":"<!-- This site is optimized with the Yoast SEO plugin v23.0 - https:\/\/yoast.com\/wordpress\/plugins\/seo\/ -->\n<title>Privacy Policy - Oriente Leather Sofas<\/title>\n<meta name=\"robots\" content=\"index, follow, max-snippet:-1, max-image-preview:large, max-video-preview:-1\" \/>\n<link rel=\"canonical\" href=\"https:\/\/orientesrl.com\/index.php\/privacy-policy\/\" \/>\n<meta property=\"og:locale\" content=\"it_IT\" \/>\n<meta property=\"og:type\" content=\"article\" \/>\n<meta property=\"og:title\" content=\"Privacy Policy - Oriente Leather Sofas\" \/>\n<meta property=\"og:url\" content=\"https:\/\/orientesrl.com\/index.php\/privacy-policy\/\" \/>\n<meta property=\"og:site_name\" content=\"Oriente Leather Sofas\" \/>\n<meta property=\"article:modified_time\" content=\"2021-08-13T08:19:02+00:00\" \/>\n<meta name=\"twitter:card\" content=\"summary_large_image\" \/>\n<meta name=\"twitter:label1\" content=\"Tempo di lettura stimato\" \/>\n\t<meta name=\"twitter:data1\" content=\"9 minuti\" \/>\n<script type=\"application\/ld+json\" class=\"yoast-schema-graph\">{\"@context\":\"https:\/\/schema.org\",\"@graph\":[{\"@type\":\"WebPage\",\"@id\":\"https:\/\/orientesrl.com\/index.php\/privacy-policy\/\",\"url\":\"https:\/\/orientesrl.com\/index.php\/privacy-policy\/\",\"name\":\"Privacy Policy - Oriente Leather Sofas\",\"isPartOf\":{\"@id\":\"https:\/\/orientesrl.com\/#website\"},\"datePublished\":\"2020-11-30T07:38:47+00:00\",\"dateModified\":\"2021-08-13T08:19:02+00:00\",\"breadcrumb\":{\"@id\":\"https:\/\/orientesrl.com\/index.php\/privacy-policy\/#breadcrumb\"},\"inLanguage\":\"it-IT\",\"potentialAction\":[{\"@type\":\"ReadAction\",\"target\":[\"https:\/\/orientesrl.com\/index.php\/privacy-policy\/\"]}]},{\"@type\":\"BreadcrumbList\",\"@id\":\"https:\/\/orientesrl.com\/index.php\/privacy-policy\/#breadcrumb\",\"itemListElement\":[{\"@type\":\"ListItem\",\"position\":1,\"name\":\"Home\",\"item\":\"https:\/\/orientesrl.com\/\"},{\"@type\":\"ListItem\",\"position\":2,\"name\":\"Privacy Policy\"}]},{\"@type\":\"WebSite\",\"@id\":\"https:\/\/orientesrl.com\/#website\",\"url\":\"https:\/\/orientesrl.com\/\",\"name\":\"Oriente Leather Sofas\",\"description\":\"Qualit\u00e0 artigiana veneta\",\"potentialAction\":[{\"@type\":\"SearchAction\",\"target\":{\"@type\":\"EntryPoint\",\"urlTemplate\":\"https:\/\/orientesrl.com\/?s={search_term_string}\"},\"query-input\":\"required name=search_term_string\"}],\"inLanguage\":\"it-IT\"}]}<\/script>\n<!-- \/ Yoast SEO plugin. -->","yoast_head_json":{"title":"Privacy Policy - Oriente Leather Sofas","robots":{"index":"index","follow":"follow","max-snippet":"max-snippet:-1","max-image-preview":"max-image-preview:large","max-video-preview":"max-video-preview:-1"},"canonical":"https:\/\/orientesrl.com\/index.php\/privacy-policy\/","og_locale":"it_IT","og_type":"article","og_title":"Privacy Policy - Oriente Leather Sofas","og_url":"https:\/\/orientesrl.com\/index.php\/privacy-policy\/","og_site_name":"Oriente Leather Sofas","article_modified_time":"2021-08-13T08:19:02+00:00","twitter_card":"summary_large_image","twitter_misc":{"Tempo di lettura stimato":"9 minuti"},"schema":{"@context":"https:\/\/schema.org","@graph":[{"@type":"WebPage","@id":"https:\/\/orientesrl.com\/index.php\/privacy-policy\/","url":"https:\/\/orientesrl.com\/index.php\/privacy-policy\/","name":"Privacy Policy - Oriente Leather Sofas","isPartOf":{"@id":"https:\/\/orientesrl.com\/#website"},"datePublished":"2020-11-30T07:38:47+00:00","dateModified":"2021-08-13T08:19:02+00:00","breadcrumb":{"@id":"https:\/\/orientesrl.com\/index.php\/privacy-policy\/#breadcrumb"},"inLanguage":"it-IT","potentialAction":[{"@type":"ReadAction","target":["https:\/\/orientesrl.com\/index.php\/privacy-policy\/"]}]},{"@type":"BreadcrumbList","@id":"https:\/\/orientesrl.com\/index.php\/privacy-policy\/#breadcrumb","itemListElement":[{"@type":"ListItem","position":1,"name":"Home","item":"https:\/\/orientesrl.com\/"},{"@type":"ListItem","position":2,"name":"Privacy Policy"}]},{"@type":"WebSite","@id":"https:\/\/orientesrl.com\/#website","url":"https:\/\/orientesrl.com\/","name":"Oriente Leather Sofas","description":"Qualit\u00e0 artigiana veneta","potentialAction":[{"@type":"SearchAction","target":{"@type":"EntryPoint","urlTemplate":"https:\/\/orientesrl.com\/?s={search_term_string}"},"query-input":"required name=search_term_string"}],"inLanguage":"it-IT"}]}},"_links":{"self":[{"href":"https:\/\/orientesrl.com\/index.php\/wp-json\/wp\/v2\/pages\/3"}],"collection":[{"href":"https:\/\/orientesrl.com\/index.php\/wp-json\/wp\/v2\/pages"}],"about":[{"href":"https:\/\/orientesrl.com\/index.php\/wp-json\/wp\/v2\/types\/page"}],"author":[{"embeddable":true,"href":"https:\/\/orientesrl.com\/index.php\/wp-json\/wp\/v2\/users\/1"}],"replies":[{"embeddable":true,"href":"https:\/\/orientesrl.com\/index.php\/wp-json\/wp\/v2\/comments?post=3"}],"version-history":[{"count":9,"href":"https:\/\/orientesrl.com\/index.php\/wp-json\/wp\/v2\/pages\/3\/revisions"}],"predecessor-version":[{"id":3316,"href":"https:\/\/orientesrl.com\/index.php\/wp-json\/wp\/v2\/pages\/3\/revisions\/3316"}],"wp:attachment":[{"href":"https:\/\/orientesrl.com\/index.php\/wp-json\/wp\/v2\/media?parent=3"}],"curies":[{"name":"wp","href":"https:\/\/api.w.org\/{rel}","templated":true}]}}